{"id":6884,"date":"2024-09-02T18:45:41","date_gmt":"2024-09-02T18:45:41","guid":{"rendered":"https:\/\/staging.ajanweb.com\/?page_id=6884"},"modified":"2025-06-10T07:19:39","modified_gmt":"2025-06-10T07:19:39","slug":"contact-us","status":"publish","type":"page","link":"https:\/\/ajanweb.com\/tr\/contact-us\/","title":{"rendered":"\u0130leti\u015fim"},"content":{"rendered":"\t\t<div data-elementor-type=\"wp-page\" data-elementor-id=\"6884\" class=\"elementor elementor-6884\" data-elementor-post-type=\"page\">\n\t\t\t\t<div class=\"elementor-element elementor-element-cec4a7d e-con-full e-flex e-con e-parent\" data-id=\"cec4a7d\" data-element_type=\"container\">\n\t\t\t\t<div class=\"elementor-element elementor-element-18dd9c0 elementor-widget elementor-widget-google_maps\" data-id=\"18dd9c0\" data-element_type=\"widget\" data-widget_type=\"google_maps.default\">\n\t\t\t\t<div class=\"elementor-widget-container\">\n\t\t\t\t\t\t\t<div class=\"elementor-custom-embed\">\n\t\t\t<iframe loading=\"lazy\"\n\t\t\t\t\tsrc=\"https:\/\/maps.google.com\/maps?q=Ayaza%C4%9Fa%2C%20Bilim%20Sk.%20No%3A13%2C%2034485%20Sar%C4%B1yer%2F%C4%B0stanbul%2C%20T%E1%BB%8D%CC%81ki&#038;t=m&#038;z=14&#038;output=embed&#038;iwloc=near\"\n\t\t\t\t\ttitle=\"Ayaza\u011fa, Bilim Sk. No:13, 34485 Sar\u0131yer\/\u0130stanbul, T\u1ecd\u0301ki\"\n\t\t\t\t\taria-label=\"Ayaza\u011fa, Bilim Sk. No:13, 34485 Sar\u0131yer\/\u0130stanbul, T\u1ecd\u0301ki\"\n\t\t\t><\/iframe>\n\t\t<\/div>\n\t\t\t\t\t\t<\/div>\n\t\t\t\t<\/div>\n\t\t\t\t<\/div>\n\t\t<div class=\"elementor-element elementor-element-94a66e4 e-flex e-con-boxed e-con e-parent\" data-id=\"94a66e4\" data-element_type=\"container\">\n\t\t\t\t\t<div class=\"e-con-inner\">\n\t\t<div class=\"elementor-element elementor-element-5946577 e-con-full e-flex e-con e-child\" data-id=\"5946577\" data-element_type=\"container\">\n\t\t<div class=\"elementor-element elementor-element-1b72009 e-con-full e-flex e-con e-child\" data-id=\"1b72009\" data-element_type=\"container\">\n\t\t\t\t<div class=\"elementor-element elementor-element-b57a234 elementor-widget elementor-widget-heading\" data-id=\"b57a234\" data-element_type=\"widget\" data-widget_type=\"heading.default\">\n\t\t\t\t<div class=\"elementor-widget-container\">\n\t\t\t\t\t<h2 class=\"elementor-heading-title elementor-size-default\">Bizimle \u0130leti\u015fime Ge\u00e7in \n<\/h2>\t\t\t\t<\/div>\n\t\t\t\t<\/div>\n\t\t\t\t<div class=\"elementor-element elementor-element-53a159f elementor-widget__width-initial elementor-widget-mobile__width-initial elementor-widget elementor-widget-borgholm_core_section_title\" data-id=\"53a159f\" data-element_type=\"widget\" data-widget_type=\"borgholm_core_section_title.default\">\n\t\t\t\t<div class=\"elementor-widget-container\">\n\t\t\t\t\t<div class=\"qodef-shortcode qodef-m  qodef-section-title qodef-alignment--left   qodef-animate-special-style\">\n\t\t\t<span class=\"qodef-m-title\" >\n\t\t\t\t\tMarkan\u0131z\u0131 <span class=\"qodef-special-style\">Birlikte<\/span> G\u00fc\u00e7lendirelim\t\t\t<\/span>\n\t\t<\/div>\t\t\t\t<\/div>\n\t\t\t\t<\/div>\n\t\t\t\t<div class=\"elementor-element elementor-element-28b98d9 elementor-widget__width-initial elementor-widget-mobile__width-initial elementor-invisible elementor-widget elementor-widget-heading\" data-id=\"28b98d9\" data-element_type=\"widget\" data-settings=\"{&quot;_animation&quot;:&quot;fadeInUp&quot;}\" data-widget_type=\"heading.default\">\n\t\t\t\t<div class=\"elementor-widget-container\">\n\t\t\t\t\t<h2 class=\"elementor-heading-title elementor-size-default\">Vizyonunuzu ger\u00e7e\u011fe d\u00f6n\u00fc\u015ft\u00fcrmek i\u00e7in buraday\u0131z. Online sat\u0131\u015flar\u0131n\u0131z\u0131 art\u0131rmak, etkileyici bir web sitesi olu\u015fturmak ya da mevcut markan\u0131z\u0131 optimize etmek istiyorsan\u0131z, bunu ba\u015farmak i\u00e7in gereken uzmanl\u0131\u011fa sahibiz. <\/h2>\t\t\t\t<\/div>\n\t\t\t\t<\/div>\n\t\t\t\t<\/div>\n\t\t<div class=\"elementor-element elementor-element-09cbdb8 e-con-full e-flex e-con e-child\" data-id=\"09cbdb8\" data-element_type=\"container\" data-settings=\"{&quot;background_background&quot;:&quot;classic&quot;}\">\n\t\t\t\t<div class=\"elementor-element elementor-element-05a2d0c elementor-widget elementor-widget-wp-widget-borgholm_core_contact_form_7\" data-id=\"05a2d0c\" data-element_type=\"widget\" data-widget_type=\"wp-widget-borgholm_core_contact_form_7.default\">\n\t\t\t\t<div class=\"elementor-widget-container\">\n\t\t\t\t\t\t\t\t<div class=\"qodef-contact-form-7 \">\n\t\t\t\t\n<div class=\"wpcf7 no-js\" id=\"wpcf7-f7749-o1\" lang=\"en-US\" dir=\"ltr\">\n<div class=\"screen-reader-response\"><p role=\"status\" aria-live=\"polite\" aria-atomic=\"true\"><\/p> <ul><\/ul><\/div>\n<form action=\"\/tr\/wp-json\/wp\/v2\/pages\/6884#wpcf7-f7749-o1\" method=\"post\" class=\"wpcf7-form init\" aria-label=\"Contact form\" novalidate=\"novalidate\" data-status=\"init\">\n<div style=\"display: none;\">\n<input type=\"hidden\" name=\"_wpcf7\" value=\"7749\" \/>\n<input type=\"hidden\" name=\"_wpcf7_version\" value=\"5.9.8\" \/>\n<input type=\"hidden\" name=\"_wpcf7_locale\" value=\"en_US\" \/>\n<input type=\"hidden\" name=\"_wpcf7_unit_tag\" value=\"wpcf7-f7749-o1\" \/>\n<input type=\"hidden\" name=\"_wpcf7_container_post\" value=\"0\" \/>\n<input type=\"hidden\" name=\"_wpcf7_posted_data_hash\" value=\"\" \/>\n<input type=\"hidden\" name=\"_wpcf7_recaptcha_response\" value=\"\" \/>\n<\/div>\n<div class=\"qodef-contact-form\">\n\n   <span class=\"wpcf7-form-control-wrap\" data-name=\"your-email\"><input size=\"40\" maxlength=\"400\" class=\"wpcf7-form-control wpcf7-email wpcf7-validates-as-required wpcf7-text wpcf7-validates-as-email\" aria-required=\"true\" aria-invalid=\"false\" placeholder=\"E-posta Adresiniz*\" value=\"\" type=\"email\" name=\"your-email\" \/><\/span>\n\n   <div style=\"margin-top: -10px;\"><span class=\"wpcf7-form-control-wrap\" data-name=\"your-name\"><input size=\"40\" maxlength=\"400\" class=\"wpcf7-form-control wpcf7-text wpcf7-validates-as-required\" aria-required=\"true\" aria-invalid=\"false\" placeholder=\"Ad\u0131n\u0131z\" value=\"\" type=\"text\" name=\"your-name\" \/><\/span><\/div>\n\n   <div style=\"margin-top: -10px;\"><span class=\"wpcf7-form-control-wrap\" data-name=\"your-phone\"><input size=\"40\" maxlength=\"400\" class=\"wpcf7-form-control wpcf7-text wpcf7-validates-as-required\" aria-required=\"true\" aria-invalid=\"false\" placeholder=\"Telefon Numaran\u0131z\" value=\"\" type=\"text\" name=\"your-phone\" \/><\/span><\/div>\n  \n   <div style=\"margin-top: -10px;\"><span class=\"wpcf7-form-control-wrap\" data-name=\"your-brand\"><input size=\"40\" maxlength=\"400\" class=\"wpcf7-form-control wpcf7-text wpcf7-validates-as-required\" aria-required=\"true\" aria-invalid=\"false\" placeholder=\"Marka Ad\u0131\" value=\"\" type=\"text\" name=\"your-brand\" \/><\/span><\/div>\n\n   <div style=\"margin-bottom: -10px;\"><span class=\"wpcf7-form-control-wrap\" data-name=\"your-message\"><textarea cols=\"40\" rows=\"8\" maxlength=\"2000\" class=\"wpcf7-form-control wpcf7-textarea\" aria-invalid=\"false\" placeholder=\"A\u00e7\u0131klama\" name=\"your-message\"><\/textarea><\/span><\/div>\n\n   <div style=\"margin-top: 20px;\"><button class=\"wpcf7-form-control wpcf7-submit qodef-button qodef-size--normal qodef-type--filled qodef-m\" type=\"submit\"><span class=\"qodef-m-text\">Bizimle ileti\u015fime Ge\u00e7<\/span><\/button><\/div>\n\n<\/div><div class=\"wpcf7-response-output\" aria-hidden=\"true\"><\/div>\n<\/form>\n<\/div>\n\t\t\t<\/div>\n\t\t\t\t\t\t\t<\/div>\n\t\t\t\t<\/div>\n\t\t\t\t<\/div>\n\t\t\t\t<\/div>\n\t\t\t\t\t<\/div>\n\t\t\t\t<\/div>\n\t\t\t\t<\/div>\n\t\t","protected":false},"excerpt":{"rendered":"<p>Bizimle \u0130leti\u015fime Ge\u00e7in Markan\u0131z\u0131 Birlikte G\u00fc\u00e7lendirelim Vizyonunuzu ger\u00e7e\u011fe d\u00f6n\u00fc\u015ft\u00fcrmek i\u00e7in buraday\u0131z. Online sat\u0131\u015flar\u0131n\u0131z\u0131 art\u0131rmak, etkileyici bir web sitesi olu\u015fturmak ya da mevcut markan\u0131z\u0131 optimize etmek istiyorsan\u0131z, bunu ba\u015farmak i\u00e7in gereken uzmanl\u0131\u011fa sahibiz.<\/p>\n","protected":false},"author":1,"featured_media":0,"parent":0,"menu_order":0,"comment_status":"closed","ping_status":"closed","template":"page-full-width.php","meta":{"footnotes":""},"class_list":["post-6884","page","type-page","status-publish","hentry"],"yoast_head":"<!-- This site is optimized with the Yoast SEO plugin v23.5 - https:\/\/yoast.com\/wordpress\/plugins\/seo\/ -->\n<title>\u0130leti\u015fim - Ajanweb<\/title>\n<meta name=\"robots\" content=\"index, follow, max-snippet:-1, max-image-preview:large, max-video-preview:-1\" \/>\n<link rel=\"canonical\" href=\"https:\/\/ajanweb.com\/tr\/contact-us\/\" \/>\n<meta property=\"og:locale\" content=\"en_US\" \/>\n<meta property=\"og:type\" content=\"article\" \/>\n<meta property=\"og:title\" content=\"\u0130leti\u015fim - Ajanweb\" \/>\n<meta property=\"og:description\" content=\"Bizimle \u0130leti\u015fime Ge\u00e7in Markan\u0131z\u0131 Birlikte G\u00fc\u00e7lendirelim Vizyonunuzu ger\u00e7e\u011fe d\u00f6n\u00fc\u015ft\u00fcrmek i\u00e7in buraday\u0131z. Online sat\u0131\u015flar\u0131n\u0131z\u0131 art\u0131rmak, etkileyici bir web sitesi olu\u015fturmak ya da mevcut markan\u0131z\u0131 optimize etmek istiyorsan\u0131z, bunu ba\u015farmak i\u00e7in gereken uzmanl\u0131\u011fa sahibiz.\" \/>\n<meta property=\"og:url\" content=\"https:\/\/ajanweb.com\/tr\/contact-us\/\" \/>\n<meta property=\"og:site_name\" content=\"Ajanweb\" \/>\n<meta property=\"article:modified_time\" content=\"2025-06-10T07:19:39+00:00\" \/>\n<meta name=\"twitter:card\" content=\"summary_large_image\" \/>\n<meta name=\"twitter:site\" content=\"@ajanweb\" \/>\n<meta name=\"twitter:label1\" content=\"Est. reading time\" \/>\n\t<meta name=\"twitter:data1\" content=\"1 minute\" \/>\n<script type=\"application\/ld+json\" class=\"yoast-schema-graph\">{\"@context\":\"https:\/\/schema.org\",\"@graph\":[{\"@type\":\"WebPage\",\"@id\":\"https:\/\/ajanweb.com\/tr\/contact-us\/\",\"url\":\"https:\/\/ajanweb.com\/tr\/contact-us\/\",\"name\":\"\u0130leti\u015fim - Ajanweb\",\"isPartOf\":{\"@id\":\"https:\/\/ajanweb.com\/tr\/#website\"},\"datePublished\":\"2024-09-02T18:45:41+00:00\",\"dateModified\":\"2025-06-10T07:19:39+00:00\",\"breadcrumb\":{\"@id\":\"https:\/\/ajanweb.com\/tr\/contact-us\/#breadcrumb\"},\"inLanguage\":\"en-US\",\"potentialAction\":[{\"@type\":\"ReadAction\",\"target\":[\"https:\/\/ajanweb.com\/tr\/contact-us\/\"]}]},{\"@type\":\"BreadcrumbList\",\"@id\":\"https:\/\/ajanweb.com\/tr\/contact-us\/#breadcrumb\",\"itemListElement\":[{\"@type\":\"ListItem\",\"position\":1,\"name\":\"Home\",\"item\":\"https:\/\/ajanweb.com\/tr\/\"},{\"@type\":\"ListItem\",\"position\":2,\"name\":\"\u0130leti\u015fim\"}]},{\"@type\":\"WebSite\",\"@id\":\"https:\/\/ajanweb.com\/tr\/#website\",\"url\":\"https:\/\/ajanweb.com\/tr\/\",\"name\":\"Ajanweb\",\"description\":\"\",\"publisher\":{\"@id\":\"https:\/\/ajanweb.com\/tr\/#organization\"},\"potentialAction\":[{\"@type\":\"SearchAction\",\"target\":{\"@type\":\"EntryPoint\",\"urlTemplate\":\"https:\/\/ajanweb.com\/tr\/?s={search_term_string}\"},\"query-input\":{\"@type\":\"PropertyValueSpecification\",\"valueRequired\":true,\"valueName\":\"search_term_string\"}}],\"inLanguage\":\"en-US\"},{\"@type\":\"Organization\",\"@id\":\"https:\/\/ajanweb.com\/tr\/#organization\",\"name\":\"Ajanweb\",\"url\":\"https:\/\/ajanweb.com\/tr\/\",\"logo\":{\"@type\":\"ImageObject\",\"inLanguage\":\"en-US\",\"@id\":\"https:\/\/ajanweb.com\/tr\/#\/schema\/logo\/image\/\",\"url\":\"https:\/\/ajanweb.com\/tr\/wp-content\/uploads\/2024\/08\/ajanweblogos.webp\",\"contentUrl\":\"https:\/\/ajanweb.com\/tr\/wp-content\/uploads\/2024\/08\/ajanweblogos.webp\",\"width\":642,\"height\":367,\"caption\":\"Ajanweb\"},\"image\":{\"@id\":\"https:\/\/ajanweb.com\/tr\/#\/schema\/logo\/image\/\"},\"sameAs\":[\"https:\/\/x.com\/ajanweb\",\"https:\/\/www.instagram.com\/ajanweb\/\",\"https:\/\/www.linkedin.com\/company\/3263252\/admin\/dashboard\/\"]}]}<\/script>\n<!-- \/ Yoast SEO plugin. -->","yoast_head_json":{"title":"\u0130leti\u015fim - Ajanweb","robots":{"index":"index","follow":"follow","max-snippet":"max-snippet:-1","max-image-preview":"max-image-preview:large","max-video-preview":"max-video-preview:-1"},"canonical":"https:\/\/ajanweb.com\/tr\/contact-us\/","og_locale":"en_US","og_type":"article","og_title":"\u0130leti\u015fim - Ajanweb","og_description":"Bizimle \u0130leti\u015fime Ge\u00e7in Markan\u0131z\u0131 Birlikte G\u00fc\u00e7lendirelim Vizyonunuzu ger\u00e7e\u011fe d\u00f6n\u00fc\u015ft\u00fcrmek i\u00e7in buraday\u0131z. Online sat\u0131\u015flar\u0131n\u0131z\u0131 art\u0131rmak, etkileyici bir web sitesi olu\u015fturmak ya da mevcut markan\u0131z\u0131 optimize etmek istiyorsan\u0131z, bunu ba\u015farmak i\u00e7in gereken uzmanl\u0131\u011fa sahibiz.","og_url":"https:\/\/ajanweb.com\/tr\/contact-us\/","og_site_name":"Ajanweb","article_modified_time":"2025-06-10T07:19:39+00:00","twitter_card":"summary_large_image","twitter_site":"@ajanweb","twitter_misc":{"Est. reading time":"1 minute"},"schema":{"@context":"https:\/\/schema.org","@graph":[{"@type":"WebPage","@id":"https:\/\/ajanweb.com\/tr\/contact-us\/","url":"https:\/\/ajanweb.com\/tr\/contact-us\/","name":"\u0130leti\u015fim - Ajanweb","isPartOf":{"@id":"https:\/\/ajanweb.com\/tr\/#website"},"datePublished":"2024-09-02T18:45:41+00:00","dateModified":"2025-06-10T07:19:39+00:00","breadcrumb":{"@id":"https:\/\/ajanweb.com\/tr\/contact-us\/#breadcrumb"},"inLanguage":"en-US","potentialAction":[{"@type":"ReadAction","target":["https:\/\/ajanweb.com\/tr\/contact-us\/"]}]},{"@type":"BreadcrumbList","@id":"https:\/\/ajanweb.com\/tr\/contact-us\/#breadcrumb","itemListElement":[{"@type":"ListItem","position":1,"name":"Home","item":"https:\/\/ajanweb.com\/tr\/"},{"@type":"ListItem","position":2,"name":"\u0130leti\u015fim"}]},{"@type":"WebSite","@id":"https:\/\/ajanweb.com\/tr\/#website","url":"https:\/\/ajanweb.com\/tr\/","name":"Ajanweb","description":"","publisher":{"@id":"https:\/\/ajanweb.com\/tr\/#organization"},"potentialAction":[{"@type":"SearchAction","target":{"@type":"EntryPoint","urlTemplate":"https:\/\/ajanweb.com\/tr\/?s={search_term_string}"},"query-input":{"@type":"PropertyValueSpecification","valueRequired":true,"valueName":"search_term_string"}}],"inLanguage":"en-US"},{"@type":"Organization","@id":"https:\/\/ajanweb.com\/tr\/#organization","name":"Ajanweb","url":"https:\/\/ajanweb.com\/tr\/","logo":{"@type":"ImageObject","inLanguage":"en-US","@id":"https:\/\/ajanweb.com\/tr\/#\/schema\/logo\/image\/","url":"https:\/\/ajanweb.com\/tr\/wp-content\/uploads\/2024\/08\/ajanweblogos.webp","contentUrl":"https:\/\/ajanweb.com\/tr\/wp-content\/uploads\/2024\/08\/ajanweblogos.webp","width":642,"height":367,"caption":"Ajanweb"},"image":{"@id":"https:\/\/ajanweb.com\/tr\/#\/schema\/logo\/image\/"},"sameAs":["https:\/\/x.com\/ajanweb","https:\/\/www.instagram.com\/ajanweb\/","https:\/\/www.linkedin.com\/company\/3263252\/admin\/dashboard\/"]}]}},"_links":{"self":[{"href":"https:\/\/ajanweb.com\/tr\/wp-json\/wp\/v2\/pages\/6884","targetHints":{"allow":["GET"]}}],"collection":[{"href":"https:\/\/ajanweb.com\/tr\/wp-json\/wp\/v2\/pages"}],"about":[{"href":"https:\/\/ajanweb.com\/tr\/wp-json\/wp\/v2\/types\/page"}],"author":[{"embeddable":true,"href":"https:\/\/ajanweb.com\/tr\/wp-json\/wp\/v2\/users\/1"}],"replies":[{"embeddable":true,"href":"https:\/\/ajanweb.com\/tr\/wp-json\/wp\/v2\/comments?post=6884"}],"version-history":[{"count":17,"href":"https:\/\/ajanweb.com\/tr\/wp-json\/wp\/v2\/pages\/6884\/revisions"}],"predecessor-version":[{"id":7912,"href":"https:\/\/ajanweb.com\/tr\/wp-json\/wp\/v2\/pages\/6884\/revisions\/7912"}],"wp:attachment":[{"href":"https:\/\/ajanweb.com\/tr\/wp-json\/wp\/v2\/media?parent=6884"}],"curies":[{"name":"wp","href":"https:\/\/api.w.org\/{rel}","templated":true}]}}